{"id":1630,"date":"2026-01-01T17:30:05","date_gmt":"2026-01-01T20:30:05","guid":{"rendered":"https:\/\/familyzoo.cl\/?post_type=product&#038;p=1630"},"modified":"2026-01-01T17:30:05","modified_gmt":"2026-01-01T20:30:05","slug":"brit-premium-adulto-m-chicken","status":"publish","type":"product","link":"https:\/\/familyzoo.cl\/index.php\/producto\/brit-premium-adulto-m-chicken\/","title":{"rendered":"Brit premium adulto M chicken"},"content":{"rendered":"<p>Brit Premium by Nature ADULT M es un alimento completo de alta calidad, formulado con un 45% de pollo fresco y deshidratado, especialmente dise\u00f1ado para perros adultos de razas medianas (10\u201325 kg). Su receta equilibrada con prote\u00ednas, aceite de salm\u00f3n y hierbas naturales favorece la digesti\u00f3n, fortalece el sistema inmunol\u00f3gico y mantiene la piel y el pelaje saludables.<\/p>\n<h3>Caracter\u00edsticas principales<\/h3>\n<p>Especial para razas medianas: ideal para perros adultos de 10\u201325 kg.<\/p>\n<p>Alto contenido de pollo (45%): prote\u00ednas de calidad para m\u00fasculos fuertes y energ\u00eda diaria.<\/p>\n<p>Aceite de salm\u00f3n y Omega-3: piel sana y pelaje brillante.<\/p>\n<p>Glucosamina y condroitina: apoyo a articulaciones y movilidad.<\/p>\n<p>Frutas, hierbas y prebi\u00f3ticos: refuerzan defensas naturales y mejoran la digesti\u00f3n<\/p>\n","protected":false},"excerpt":{"rendered":"<p>Alimento Brit premium adulto M chicken 3kg<\/p>\n","protected":false},"featured_media":1529,"template":"","meta":[],"product_brand":[119],"product_cat":[21,118,20],"product_tag":[24,30],"class_list":{"0":"post-1630","1":"product","2":"type-product","3":"status-publish","4":"has-post-thumbnail","6":"product_brand-brit","7":"product_cat-alimento-perro","8":"product_cat-brit","9":"product_cat-sin-categorizar","10":"product_tag-alimento-perro","11":"product_tag-raza-media","13":"first","14":"instock","15":"taxable","16":"shipping-taxable","17":"purchasable","18":"product-type-simple"},"jetpack_sharing_enabled":true,"_links":{"self":[{"href":"https:\/\/familyzoo.cl\/index.php\/wp-json\/wp\/v2\/product\/1630","targetHints":{"allow":["GET"]}}],"collection":[{"href":"https:\/\/familyzoo.cl\/index.php\/wp-json\/wp\/v2\/product"}],"about":[{"href":"https:\/\/familyzoo.cl\/index.php\/wp-json\/wp\/v2\/types\/product"}],"wp:featuredmedia":[{"embeddable":true,"href":"https:\/\/familyzoo.cl\/index.php\/wp-json\/wp\/v2\/media\/1529"}],"wp:attachment":[{"href":"https:\/\/familyzoo.cl\/index.php\/wp-json\/wp\/v2\/media?parent=1630"}],"wp:term":[{"taxonomy":"product_brand","embeddable":true,"href":"https:\/\/familyzoo.cl\/index.php\/wp-json\/wp\/v2\/product_brand?post=1630"},{"taxonomy":"product_cat","embeddable":true,"href":"https:\/\/familyzoo.cl\/index.php\/wp-json\/wp\/v2\/product_cat?post=1630"},{"taxonomy":"product_tag","embeddable":true,"href":"https:\/\/familyzoo.cl\/index.php\/wp-json\/wp\/v2\/product_tag?post=1630"}],"curies":[{"name":"wp","href":"https:\/\/api.w.org\/{rel}","templated":true}]}}