{"id":1637,"date":"2026-01-01T17:53:24","date_gmt":"2026-01-01T20:53:24","guid":{"rendered":"https:\/\/familyzoo.cl\/?post_type=product&#038;p=1637"},"modified":"2026-01-05T11:51:35","modified_gmt":"2026-01-05T14:51:35","slug":"brit-premium-kitten-chicken","status":"publish","type":"product","link":"https:\/\/familyzoo.cl\/index.php\/producto\/brit-premium-kitten-chicken\/","title":{"rendered":"Brit premium kitten chicken"},"content":{"rendered":"<p>Brit Premium by Nature Cat Kitten Chicken es un alimento completo y equilibrado, especialmente formulado para gatitos desde el destete hasta los 12 meses de edad. Elaborado con pollo fresco y deshidratado, aporta prote\u00ednas de alta calidad para un crecimiento sano y fuerte. Su receta incluye taurina, \u00e1cidos grasos esenciales, vitaminas y minerales que favorecen el desarrollo del sistema inmunol\u00f3gico, la visi\u00f3n y el coraz\u00f3n, adem\u00e1s de mantener la piel y el pelaje saludables.<\/p>\n<div><\/div>\n<h3>Caracter\u00edsticas principales<\/h3>\n<p>Especial para gatitos: nutrici\u00f3n adaptada a las necesidades de crecimiento.<\/p>\n<p>Prote\u00edna de pollo de alta calidad (45%): apoyo al desarrollo muscular y energ\u00eda diaria.<\/p>\n<p>Taurina a\u00f1adida: esencial para la salud del coraz\u00f3n y la visi\u00f3n.<\/p>\n<p>Omega-3 y Omega-6: piel sana y pelaje brillante.<\/p>\n<p>Vitaminas y minerales: fortalecen defensas naturales y bienestar general.<\/p>\n","protected":false},"excerpt":{"rendered":"<p>Alimento Brit premium kitten chicken 1.5kg<\/p>\n","protected":false},"featured_media":1521,"template":"","meta":[],"product_brand":[119],"product_cat":[73,118,20],"product_tag":[71,120,72],"class_list":{"0":"post-1637","1":"product","2":"type-product","3":"status-publish","4":"has-post-thumbnail","6":"product_brand-brit","7":"product_cat-alimento-gato","8":"product_cat-brit","9":"product_cat-sin-categorizar","10":"product_tag-alimento-gato","11":"product_tag-brit","12":"product_tag-gato-kitten","14":"first","15":"outofstock","16":"taxable","17":"shipping-taxable","18":"purchasable","19":"product-type-simple"},"jetpack_sharing_enabled":true,"_links":{"self":[{"href":"https:\/\/familyzoo.cl\/index.php\/wp-json\/wp\/v2\/product\/1637","targetHints":{"allow":["GET"]}}],"collection":[{"href":"https:\/\/familyzoo.cl\/index.php\/wp-json\/wp\/v2\/product"}],"about":[{"href":"https:\/\/familyzoo.cl\/index.php\/wp-json\/wp\/v2\/types\/product"}],"wp:featuredmedia":[{"embeddable":true,"href":"https:\/\/familyzoo.cl\/index.php\/wp-json\/wp\/v2\/media\/1521"}],"wp:attachment":[{"href":"https:\/\/familyzoo.cl\/index.php\/wp-json\/wp\/v2\/media?parent=1637"}],"wp:term":[{"taxonomy":"product_brand","embeddable":true,"href":"https:\/\/familyzoo.cl\/index.php\/wp-json\/wp\/v2\/product_brand?post=1637"},{"taxonomy":"product_cat","embeddable":true,"href":"https:\/\/familyzoo.cl\/index.php\/wp-json\/wp\/v2\/product_cat?post=1637"},{"taxonomy":"product_tag","embeddable":true,"href":"https:\/\/familyzoo.cl\/index.php\/wp-json\/wp\/v2\/product_tag?post=1637"}],"curies":[{"name":"wp","href":"https:\/\/api.w.org\/{rel}","templated":true}]}}