{"id":1657,"date":"2026-01-05T12:29:37","date_gmt":"2026-01-05T15:29:37","guid":{"rendered":"https:\/\/familyzoo.cl\/?post_type=product&#038;p=1657"},"modified":"2026-05-01T17:31:39","modified_gmt":"2026-05-01T21:31:39","slug":"arena-america-litter-clean-paws","status":"publish","type":"product","link":"https:\/\/familyzoo.cl\/index.php\/producto\/arena-america-litter-clean-paws\/","title":{"rendered":"Arena  America Litter  Clean Paws"},"content":{"rendered":"<p><span dir=\"auto\">America Litter\u00ae\u00a0<\/span><span class=\"wixui-rich-text__text\"><span dir=\"auto\">:<\/span><\/span><span dir=\"auto\">\u00a0Clean Paws es una arena aglomerante blanca premium para gatos, reconocida por su excelente capacidad de aglomeraci\u00f3n y absorci\u00f3n. Los aglomerados son excepcionalmente compactos, lo que facilita su recogida y eliminaci\u00f3n en el cubo de basura. Su granulado especial ofrece una textura natural y agradable para las patas de los gatos, lo que favorece una r\u00e1pida adaptaci\u00f3n y un uso constante.<\/span><\/p>\n","protected":false},"excerpt":{"rendered":"<div id=\"bgLayers_comp-ly2o972k5\" class=\"MW5IWV\" data-hook=\"bgLayers\" data-motion-part=\"BG_LAYER comp-ly2o972k5\">\n<div id=\"bgMedia_comp-ly2o972k5\" class=\"VgO9Yg\" data-motion-part=\"BG_MEDIA comp-ly2o972k5\"><\/div>\n<\/div>\n<div class=\"\" data-mesh-id=\"comp-ly2o972k5inlineContent\" data-testid=\"inline-content\">\n<div data-mesh-id=\"comp-ly2o972k5inlineContent-gridContainer\" data-testid=\"mesh-container-content\">\n<div id=\"comp-ly2o972l5\" class=\"Z_l5lU ku3DBC zQ9jDz qvSjx3 Vq6kJx comp-ly2o972l5 wixui-rich-text\" data-testid=\"richTextElement\">\n<p class=\"font_7 wixui-rich-text__text\"><span class=\"wixui-rich-text__text\"><span dir=\"auto\">Arena America Litter c<\/span><\/span><span dir=\"auto\">lean paws\u00a0<\/span><\/p>\n<\/div>\n<\/div>\n<\/div>\n","protected":false},"featured_media":1658,"template":"","meta":[],"product_brand":[123],"product_cat":[122,20],"product_tag":[124,64],"class_list":{"0":"post-1657","1":"product","2":"type-product","3":"status-publish","4":"has-post-thumbnail","6":"product_brand-america-litter","7":"product_cat-america-litter","8":"product_cat-sin-categorizar","9":"product_tag-america-litter","10":"product_tag-arena-sanitaria","12":"first","13":"outofstock","14":"taxable","15":"shipping-taxable","16":"purchasable","17":"product-type-variable"},"jetpack_sharing_enabled":true,"_links":{"self":[{"href":"https:\/\/familyzoo.cl\/index.php\/wp-json\/wp\/v2\/product\/1657","targetHints":{"allow":["GET"]}}],"collection":[{"href":"https:\/\/familyzoo.cl\/index.php\/wp-json\/wp\/v2\/product"}],"about":[{"href":"https:\/\/familyzoo.cl\/index.php\/wp-json\/wp\/v2\/types\/product"}],"wp:featuredmedia":[{"embeddable":true,"href":"https:\/\/familyzoo.cl\/index.php\/wp-json\/wp\/v2\/media\/1658"}],"wp:attachment":[{"href":"https:\/\/familyzoo.cl\/index.php\/wp-json\/wp\/v2\/media?parent=1657"}],"wp:term":[{"taxonomy":"product_brand","embeddable":true,"href":"https:\/\/familyzoo.cl\/index.php\/wp-json\/wp\/v2\/product_brand?post=1657"},{"taxonomy":"product_cat","embeddable":true,"href":"https:\/\/familyzoo.cl\/index.php\/wp-json\/wp\/v2\/product_cat?post=1657"},{"taxonomy":"product_tag","embeddable":true,"href":"https:\/\/familyzoo.cl\/index.php\/wp-json\/wp\/v2\/product_tag?post=1657"}],"curies":[{"name":"wp","href":"https:\/\/api.w.org\/{rel}","templated":true}]}}