{"id":1700,"date":"2026-03-27T12:01:55","date_gmt":"2026-03-27T15:01:55","guid":{"rendered":"https:\/\/familyzoo.cl\/?post_type=product&#038;p=1700"},"modified":"2026-03-27T12:01:55","modified_gmt":"2026-03-27T15:01:55","slug":"arena-sanicat-clumping","status":"publish","type":"product","link":"https:\/\/familyzoo.cl\/index.php\/producto\/arena-sanicat-clumping\/","title":{"rendered":"Arena Sanicat clumping"},"content":{"rendered":"<p class=\"p1\"><span class=\"s1\">La arena aglomerante\u00a0Sanicat\u00a0est\u00e1 elaborada con bentonita natural que reaccionan al contacto con la humedad, formando s\u00f3lidos y compactos aglutinamientos. Debido a esto es mucho m\u00e1s f\u00e1cil retirarlos, facilitando as\u00ed la limpieza, ya que permiten retirar las partes usadas sin necesidad de reemplazar toda la arena.<\/span><\/p>\n<p class=\"p1\"><span class=\"s1\">Proporciona a tu gato un entorno c\u00f3modo y limpio con\u00a0Sanicat Arena Aglomerante.<\/span><\/p>\n<p><span class=\"s1\">Caracter\u00edsticas principales:<\/span><\/p>\n<p>\u2022 F\u00f3rmula especial con bentonita y tecnolog\u00eca de ox\u00edgeno logra mantener el arenero y tu casa libre de olores desde el primer segundo y por m\u00e1s tiempo.<br \/>\n\u2022 R\u00e1pida y resistente capacidad de aglomeraci\u00f3n, con aglutinados f\u00e1ciles de retirar.<br \/>\n\u2022 Libre de polvo y de bajo arrastre, lo que es mucho m\u00e1s agradable para tu gato y adem\u00e1s mantiene m\u00e1s limpio alrededor del arenero.<br \/>\n\u2022 No contiene perfumes a\u00f1adidos.<\/p>\n","protected":false},"excerpt":{"rendered":"<p>Arena Sanicat clumping<\/p>\n","protected":false},"featured_media":1702,"template":"","meta":[],"product_brand":[129],"product_cat":[128,127],"product_tag":[64,130],"class_list":{"0":"post-1700","1":"product","2":"type-product","3":"status-publish","4":"has-post-thumbnail","6":"product_brand-sanicat","7":"product_cat-sanicat-2","8":"product_cat-sanicat","9":"product_tag-arena-sanitaria","10":"product_tag-sanicat","12":"first","13":"instock","14":"taxable","15":"shipping-taxable","16":"purchasable","17":"product-type-variable"},"jetpack_sharing_enabled":true,"_links":{"self":[{"href":"https:\/\/familyzoo.cl\/index.php\/wp-json\/wp\/v2\/product\/1700","targetHints":{"allow":["GET"]}}],"collection":[{"href":"https:\/\/familyzoo.cl\/index.php\/wp-json\/wp\/v2\/product"}],"about":[{"href":"https:\/\/familyzoo.cl\/index.php\/wp-json\/wp\/v2\/types\/product"}],"wp:featuredmedia":[{"embeddable":true,"href":"https:\/\/familyzoo.cl\/index.php\/wp-json\/wp\/v2\/media\/1702"}],"wp:attachment":[{"href":"https:\/\/familyzoo.cl\/index.php\/wp-json\/wp\/v2\/media?parent=1700"}],"wp:term":[{"taxonomy":"product_brand","embeddable":true,"href":"https:\/\/familyzoo.cl\/index.php\/wp-json\/wp\/v2\/product_brand?post=1700"},{"taxonomy":"product_cat","embeddable":true,"href":"https:\/\/familyzoo.cl\/index.php\/wp-json\/wp\/v2\/product_cat?post=1700"},{"taxonomy":"product_tag","embeddable":true,"href":"https:\/\/familyzoo.cl\/index.php\/wp-json\/wp\/v2\/product_tag?post=1700"}],"curies":[{"name":"wp","href":"https:\/\/api.w.org\/{rel}","templated":true}]}}