{"id":1711,"date":"2026-03-27T12:12:16","date_gmt":"2026-03-27T15:12:16","guid":{"rendered":"https:\/\/familyzoo.cl\/?post_type=product&#038;p=1711"},"modified":"2026-03-27T12:18:49","modified_gmt":"2026-03-27T15:18:49","slug":"arena-america-litter-dust-free","status":"publish","type":"product","link":"https:\/\/familyzoo.cl\/index.php\/producto\/arena-america-litter-dust-free\/","title":{"rendered":"Arena America litter Dust Free"},"content":{"rendered":"<div id=\"bgLayers_comp-ly3zl7yj5\" class=\"QG9w8P\" data-hook=\"bgLayers\" data-motion-part=\"BG_LAYER comp-ly3zl7yj5\">\n<div id=\"bgMedia_comp-ly3zl7yj5\" class=\"ROWgFb\" data-motion-part=\"BG_MEDIA comp-ly3zl7yj5\"><\/div>\n<\/div>\n<div class=\"\" data-mesh-id=\"comp-ly3zl7yj5inlineContent\" data-testid=\"inline-content\">\n<div data-mesh-id=\"comp-ly3zl7yj5inlineContent-gridContainer\" data-testid=\"mesh-container-content\">\n<div id=\"comp-ly3zl7yk2\" class=\"N8MGzv _v6ohL ZS_qLz PO9MfV comp-ly3zl7yk2 wixui-rich-text\" data-testid=\"richTextElement\">\n<p class=\"font_7 wixui-rich-text__text\"><span class=\"wixui-rich-text__text\"><span dir=\"auto\">American Litter\u00a0<\/span><\/span><span class=\"wixui-rich-text__text\"><span dir=\"auto\">\u00ae<\/span><\/span><\/p>\n<p class=\"font_7 wixui-rich-text__text\"><span class=\"wixui-rich-text__text\"><span dir=\"auto\">LIBRE DE POLVO<\/span><\/span><\/p>\n<\/div>\n<div id=\"comp-ly3zl7yk9\" class=\"N8MGzv _v6ohL ZS_qLz PO9MfV comp-ly3zl7yk9 wixui-rich-text\" data-testid=\"richTextElement\">\n<p class=\"font_8 wixui-rich-text__text\"><span dir=\"auto\">America Litter\u00ae\u00a0<\/span><span class=\"wixui-rich-text__text\"><span dir=\"auto\">:<\/span><\/span><span dir=\"auto\">\u00a0Sin Polvo est\u00e1 elaborada con esmero para gatos sensibles y sus due\u00f1os. No genera polvo al verter la arena en la bandeja ni al retirar los grumos de orina. Adem\u00e1s, los gatos no dejan huellas de polvo por toda la casa despu\u00e9s de usar el arenero. Es seguro para gatos sensibles o al\u00e9rgicos al polvo y para personas con problemas respiratorios.<\/span><\/p>\n<\/div>\n<\/div>\n<\/div>\n","protected":false},"excerpt":{"rendered":"<p>Arena America litter Dust Free 7kg<\/p>\n","protected":false},"featured_media":1713,"template":"","meta":[],"product_brand":[123],"product_cat":[122,61],"product_tag":[124,64],"class_list":{"0":"post-1711","1":"product","2":"type-product","3":"status-publish","4":"has-post-thumbnail","6":"product_brand-america-litter","7":"product_cat-america-litter","8":"product_cat-limpieza","9":"product_tag-america-litter","10":"product_tag-arena-sanitaria","12":"first","13":"instock","14":"taxable","15":"shipping-taxable","16":"purchasable","17":"product-type-simple"},"jetpack_sharing_enabled":true,"_links":{"self":[{"href":"https:\/\/familyzoo.cl\/index.php\/wp-json\/wp\/v2\/product\/1711","targetHints":{"allow":["GET"]}}],"collection":[{"href":"https:\/\/familyzoo.cl\/index.php\/wp-json\/wp\/v2\/product"}],"about":[{"href":"https:\/\/familyzoo.cl\/index.php\/wp-json\/wp\/v2\/types\/product"}],"wp:featuredmedia":[{"embeddable":true,"href":"https:\/\/familyzoo.cl\/index.php\/wp-json\/wp\/v2\/media\/1713"}],"wp:attachment":[{"href":"https:\/\/familyzoo.cl\/index.php\/wp-json\/wp\/v2\/media?parent=1711"}],"wp:term":[{"taxonomy":"product_brand","embeddable":true,"href":"https:\/\/familyzoo.cl\/index.php\/wp-json\/wp\/v2\/product_brand?post=1711"},{"taxonomy":"product_cat","embeddable":true,"href":"https:\/\/familyzoo.cl\/index.php\/wp-json\/wp\/v2\/product_cat?post=1711"},{"taxonomy":"product_tag","embeddable":true,"href":"https:\/\/familyzoo.cl\/index.php\/wp-json\/wp\/v2\/product_tag?post=1711"}],"curies":[{"name":"wp","href":"https:\/\/api.w.org\/{rel}","templated":true}]}}