{"id":1725,"date":"2026-04-03T20:38:27","date_gmt":"2026-04-03T23:38:27","guid":{"rendered":"https:\/\/familyzoo.cl\/?post_type=product&#038;p=1725"},"modified":"2026-04-03T23:21:48","modified_gmt":"2026-04-04T02:21:48","slug":"alpha-spirit-wild-fish-2","status":"publish","type":"product","link":"https:\/\/familyzoo.cl\/index.php\/producto\/alpha-spirit-wild-fish-2\/","title":{"rendered":"Alpha Spirit wild fish"},"content":{"rendered":"<p class=\"p1\"><span class=\"font-776812\">THE ONLY ONE by Alpha Spirit est\u00e1 listo para deleitar a tu MEJOR amigo de una forma tradicional.<\/span><\/p>\n<p class=\"p1\"><span class=\"font-776812\">Libre de cereales, libre de gluten y libre de harinas c\u00e1rnicas, de fabricaci\u00f3n propia, empleando ingredientes naturales y frescos de categor\u00eda alimentaria humana. Lo m\u00e1s importante es que esta comida NO EST\u00c1 EXTRUSIONADA.<\/span><\/p>\n<p class=\"p1\"><span class=\"font-776812\">Como siempre, cocinar productos naturales para su MEJOR amigo es lo esencial para nosotros. Con una alimentaci\u00f3n m\u00e1s natural, su perro estar\u00e1 lleno de energ\u00eda,<span class=\"Apple-converted-space\">\u00a0\u00a0<\/span>saludable y \u00a1Con un hermoso y brillante pelaje!<\/span><\/p>\n<p><span class=\"font-776812\">Este producto ha sido elaborado con pescado fresco entero. Para producir 1 kg de este alimento para mascotas completo para perros, hemos utilizado 3,1 kg de pescado fresco. Nuestros ingredientes frescos se cocinan a baja temperatura, conservando todos sus nutrientes, vitaminas y minerales. Este producto no contiene grasas a\u00f1adidas, y no contiene granos ni gluten.<\/span><\/p>\n","protected":false},"excerpt":{"rendered":"<p>Alimento Alpha Spirit wild fish 3kg<\/p>\n","protected":false},"featured_media":1723,"template":"","meta":[],"product_brand":[132],"product_cat":[21,131],"product_tag":[24,133],"class_list":{"0":"post-1725","1":"product","2":"type-product","3":"status-publish","4":"has-post-thumbnail","6":"product_brand-alpha-spirit","7":"product_cat-alimento-perro","8":"product_cat-alpha-spirit","9":"product_tag-alimento-perro","10":"product_tag-alpha-spirit","12":"first","13":"instock","14":"taxable","15":"shipping-taxable","16":"purchasable","17":"product-type-simple"},"jetpack_sharing_enabled":true,"_links":{"self":[{"href":"https:\/\/familyzoo.cl\/index.php\/wp-json\/wp\/v2\/product\/1725","targetHints":{"allow":["GET"]}}],"collection":[{"href":"https:\/\/familyzoo.cl\/index.php\/wp-json\/wp\/v2\/product"}],"about":[{"href":"https:\/\/familyzoo.cl\/index.php\/wp-json\/wp\/v2\/types\/product"}],"wp:featuredmedia":[{"embeddable":true,"href":"https:\/\/familyzoo.cl\/index.php\/wp-json\/wp\/v2\/media\/1723"}],"wp:attachment":[{"href":"https:\/\/familyzoo.cl\/index.php\/wp-json\/wp\/v2\/media?parent=1725"}],"wp:term":[{"taxonomy":"product_brand","embeddable":true,"href":"https:\/\/familyzoo.cl\/index.php\/wp-json\/wp\/v2\/product_brand?post=1725"},{"taxonomy":"product_cat","embeddable":true,"href":"https:\/\/familyzoo.cl\/index.php\/wp-json\/wp\/v2\/product_cat?post=1725"},{"taxonomy":"product_tag","embeddable":true,"href":"https:\/\/familyzoo.cl\/index.php\/wp-json\/wp\/v2\/product_tag?post=1725"}],"curies":[{"name":"wp","href":"https:\/\/api.w.org\/{rel}","templated":true}]}}