{"id":1728,"date":"2026-04-03T22:55:14","date_gmt":"2026-04-04T01:55:14","guid":{"rendered":"https:\/\/familyzoo.cl\/?post_type=product&#038;p=1728"},"modified":"2026-04-03T23:11:38","modified_gmt":"2026-04-04T02:11:38","slug":"gosbi-exclusive-adulto-lamb","status":"publish","type":"product","link":"https:\/\/familyzoo.cl\/index.php\/producto\/gosbi-exclusive-adulto-lamb\/","title":{"rendered":"Gosbi Exclusive adulto lamb"},"content":{"rendered":"<p>Alimentaci\u00f3n natural completa para tu perro adulto de raza mediana, con cordero de primera calidad y un bajo porcentaje de arroz como \u00fanico cereal. Inspirada en la dieta mediterr\u00e1nea, con ingredientes cuidadosamente seleccionados, esta receta le aporta a tu peludo prote\u00ednas de alta calidad, hierro y vitaminas del grupo B. El cordero le ayuda a mantener m\u00fasculos y huesos fuertes y una vitalidad constante. Y con nuestra exclusiva f\u00f3rmula ProVital, que apoya su equilibrio y el bienestar general. Tama\u00f1o de la croqueta: \u00b120 mm.<\/p>\n","protected":false},"excerpt":{"rendered":"<p>Alimento Gosbi Exclusive adulto lamb 3kg<\/p>\n","protected":false},"featured_media":1729,"template":"","meta":[],"product_brand":[135],"product_cat":[21,134],"product_tag":[24,136],"class_list":{"0":"post-1728","1":"product","2":"type-product","3":"status-publish","4":"has-post-thumbnail","6":"product_brand-gosbi","7":"product_cat-alimento-perro","8":"product_cat-gosbi","9":"product_tag-alimento-perro","10":"product_tag-gosbi","12":"first","13":"instock","14":"taxable","15":"shipping-taxable","16":"purchasable","17":"product-type-simple"},"jetpack_sharing_enabled":true,"_links":{"self":[{"href":"https:\/\/familyzoo.cl\/index.php\/wp-json\/wp\/v2\/product\/1728","targetHints":{"allow":["GET"]}}],"collection":[{"href":"https:\/\/familyzoo.cl\/index.php\/wp-json\/wp\/v2\/product"}],"about":[{"href":"https:\/\/familyzoo.cl\/index.php\/wp-json\/wp\/v2\/types\/product"}],"wp:featuredmedia":[{"embeddable":true,"href":"https:\/\/familyzoo.cl\/index.php\/wp-json\/wp\/v2\/media\/1729"}],"wp:attachment":[{"href":"https:\/\/familyzoo.cl\/index.php\/wp-json\/wp\/v2\/media?parent=1728"}],"wp:term":[{"taxonomy":"product_brand","embeddable":true,"href":"https:\/\/familyzoo.cl\/index.php\/wp-json\/wp\/v2\/product_brand?post=1728"},{"taxonomy":"product_cat","embeddable":true,"href":"https:\/\/familyzoo.cl\/index.php\/wp-json\/wp\/v2\/product_cat?post=1728"},{"taxonomy":"product_tag","embeddable":true,"href":"https:\/\/familyzoo.cl\/index.php\/wp-json\/wp\/v2\/product_tag?post=1728"}],"curies":[{"name":"wp","href":"https:\/\/api.w.org\/{rel}","templated":true}]}}