{"id":1732,"date":"2026-04-03T22:59:15","date_gmt":"2026-04-04T01:59:15","guid":{"rendered":"https:\/\/familyzoo.cl\/?post_type=product&#038;p=1732"},"modified":"2026-04-03T22:59:15","modified_gmt":"2026-04-04T01:59:15","slug":"gosbi-exclusive-gf-adulto-fish","status":"publish","type":"product","link":"https:\/\/familyzoo.cl\/index.php\/producto\/gosbi-exclusive-gf-adulto-fish\/","title":{"rendered":"Gosbi Exclusive GF adulto fish"},"content":{"rendered":"<p>Alimentaci\u00f3n natural completa sin cereales para tu perro adulto de raza mediana, con salm\u00f3n y pescado frescos y deshidratados de la m\u00e1s alta calidad como fuentes principales de prote\u00edna. Inspirada en la dieta mediterr\u00e1nea y elaborada con ingredientes cuidadosamente seleccionados, esta receta le aporta a tu peludo una nutrici\u00f3n equilibrada y rica en nutrientes esenciales. Y con todo el sabor natural para que disfrute de cada comida como se merece. El pescado le proporciona omega-3 que ayuda a cuidar su piel, su pelaje y a mantener las articulaciones en buen estado, acompa\u00f1ando su vitalidad diaria. Y con nuestra exclusiva f\u00f3rmula ProVital, que apoya su equilibrio y el bienestar general. Puede ser apta para peludos con alergias o intolerancias. Tama\u00f1o de la croqueta: \u00b123 mm<\/p>\n","protected":false},"excerpt":{"rendered":"<p>Alimento Gosbi Exclusive GF adulto fish 3kg<\/p>\n","protected":false},"featured_media":1733,"template":"","meta":[],"product_brand":[135],"product_cat":[21,134],"product_tag":[24,136],"class_list":{"0":"post-1732","1":"product","2":"type-product","3":"status-publish","4":"has-post-thumbnail","6":"product_brand-gosbi","7":"product_cat-alimento-perro","8":"product_cat-gosbi","9":"product_tag-alimento-perro","10":"product_tag-gosbi","12":"first","13":"instock","14":"taxable","15":"shipping-taxable","16":"purchasable","17":"product-type-simple"},"jetpack_sharing_enabled":true,"_links":{"self":[{"href":"https:\/\/familyzoo.cl\/index.php\/wp-json\/wp\/v2\/product\/1732","targetHints":{"allow":["GET"]}}],"collection":[{"href":"https:\/\/familyzoo.cl\/index.php\/wp-json\/wp\/v2\/product"}],"about":[{"href":"https:\/\/familyzoo.cl\/index.php\/wp-json\/wp\/v2\/types\/product"}],"wp:featuredmedia":[{"embeddable":true,"href":"https:\/\/familyzoo.cl\/index.php\/wp-json\/wp\/v2\/media\/1733"}],"wp:attachment":[{"href":"https:\/\/familyzoo.cl\/index.php\/wp-json\/wp\/v2\/media?parent=1732"}],"wp:term":[{"taxonomy":"product_brand","embeddable":true,"href":"https:\/\/familyzoo.cl\/index.php\/wp-json\/wp\/v2\/product_brand?post=1732"},{"taxonomy":"product_cat","embeddable":true,"href":"https:\/\/familyzoo.cl\/index.php\/wp-json\/wp\/v2\/product_cat?post=1732"},{"taxonomy":"product_tag","embeddable":true,"href":"https:\/\/familyzoo.cl\/index.php\/wp-json\/wp\/v2\/product_tag?post=1732"}],"curies":[{"name":"wp","href":"https:\/\/api.w.org\/{rel}","templated":true}]}}