{"id":1734,"date":"2026-04-03T23:09:43","date_gmt":"2026-04-04T02:09:43","guid":{"rendered":"https:\/\/familyzoo.cl\/?post_type=product&#038;p=1734"},"modified":"2026-04-03T23:09:43","modified_gmt":"2026-04-04T02:09:43","slug":"gosbi-exclusive-gf-mini-lamb","status":"publish","type":"product","link":"https:\/\/familyzoo.cl\/index.php\/producto\/gosbi-exclusive-gf-mini-lamb\/","title":{"rendered":"Gosbi Exclusive GF mini lamb"},"content":{"rendered":"<p>Alimentaci\u00f3n natural completa sin cereales para tu perro de raza peque\u00f1a, con cordero y pescado frescos y deshidratados de la m\u00e1s alta calidad, para que disfrute del sabor natural. Inspirada en la dieta mediterr\u00e1nea y con ingredientes cuidadosamente seleccionados, esta receta aporta a tu peludo prote\u00ednas, vitaminas y minerales que contribuyen al mantenimiento de sus m\u00fasculos y huesos. El omega-3 del pescado ayuda a cuidar su piel, su pelaje y sus articulaciones. Y con nuestra exclusiva f\u00f3rmula ProVital, que apoya su equilibrio y el bienestar general. Puede ser apta para peludos con alergias o intolerancias. Tama\u00f1o de la croqueta: \u00b113 mm<\/p>\n","protected":false},"excerpt":{"rendered":"<p>Alimento Gosbi Exclusive GF fish 2kg<\/p>\n","protected":false},"featured_media":1737,"template":"","meta":[],"product_brand":[135],"product_cat":[21,134],"product_tag":[24,136,34,30],"class_list":{"0":"post-1734","1":"product","2":"type-product","3":"status-publish","4":"has-post-thumbnail","6":"product_brand-gosbi","7":"product_cat-alimento-perro","8":"product_cat-gosbi","9":"product_tag-alimento-perro","10":"product_tag-gosbi","11":"product_tag-perro-adulto","12":"product_tag-raza-media","14":"first","15":"instock","16":"taxable","17":"shipping-taxable","18":"purchasable","19":"product-type-simple"},"jetpack_sharing_enabled":true,"_links":{"self":[{"href":"https:\/\/familyzoo.cl\/index.php\/wp-json\/wp\/v2\/product\/1734","targetHints":{"allow":["GET"]}}],"collection":[{"href":"https:\/\/familyzoo.cl\/index.php\/wp-json\/wp\/v2\/product"}],"about":[{"href":"https:\/\/familyzoo.cl\/index.php\/wp-json\/wp\/v2\/types\/product"}],"wp:featuredmedia":[{"embeddable":true,"href":"https:\/\/familyzoo.cl\/index.php\/wp-json\/wp\/v2\/media\/1737"}],"wp:attachment":[{"href":"https:\/\/familyzoo.cl\/index.php\/wp-json\/wp\/v2\/media?parent=1734"}],"wp:term":[{"taxonomy":"product_brand","embeddable":true,"href":"https:\/\/familyzoo.cl\/index.php\/wp-json\/wp\/v2\/product_brand?post=1734"},{"taxonomy":"product_cat","embeddable":true,"href":"https:\/\/familyzoo.cl\/index.php\/wp-json\/wp\/v2\/product_cat?post=1734"},{"taxonomy":"product_tag","embeddable":true,"href":"https:\/\/familyzoo.cl\/index.php\/wp-json\/wp\/v2\/product_tag?post=1734"}],"curies":[{"name":"wp","href":"https:\/\/api.w.org\/{rel}","templated":true}]}}