{"id":1745,"date":"2026-04-04T19:58:34","date_gmt":"2026-04-04T22:58:34","guid":{"rendered":"https:\/\/familyzoo.cl\/?post_type=product&#038;p=1745"},"modified":"2026-04-04T19:58:34","modified_gmt":"2026-04-04T22:58:34","slug":"fawna-gato-adulto","status":"publish","type":"product","link":"https:\/\/familyzoo.cl\/index.php\/producto\/fawna-gato-adulto\/","title":{"rendered":"Fawna gato adulto"},"content":{"rendered":"<p id=\"QpDigIwcQsEHfSeL\"><span id=\"Wt1wlnC9nV3SILJb\">El nivel y calidad de origen de sus ingredientes,<\/span><span id=\"E8FnXK7eBS7t05x9\">son necesarios en el aporte de amino\u00e1cidos esenciales para mantener una estructura corporal saludable.<\/span><\/p>\n<p id=\"WDOK5eVHPAFrGCjQ\"><span id=\"WYRTPYEPIEHbRvws\">Su elevado nivel de amino\u00e1cidos esenciales digestibles (DIAAS)<\/span><span id=\"KuVc9GLrVHJMxLqm\">, provenientes de la prote\u00edna de alta calidad , sumado a los prebi\u00f3ticos y probi\u00f3ticos naturales ayudan promover una flora intestinal balanceada para mejorar la salud digestiva.<\/span><\/p>\n<p id=\"GaX7tTYpQnqFr9dq\"><span id=\"kAMdN0lw3PUPS8Ld\">Suplementado con fibras naturales insolubles.<\/span><\/p>\n<p id=\"Z8191AfQyoYGphMs\"><span id=\"vO0LgGodZ3QB1Vya\">que colaboran en la eliminaci\u00f3n de las bolas de pelo a trav\u00e9s del tracto digestivo de manera natural.<\/span><\/p>\n","protected":false},"excerpt":{"rendered":"<p>Alimento Fawna gato adulto 3kg<\/p>\n","protected":false},"featured_media":1746,"template":"","meta":[],"product_brand":[138],"product_cat":[73,137],"product_tag":[71,139],"class_list":{"0":"post-1745","1":"product","2":"type-product","3":"status-publish","4":"has-post-thumbnail","6":"product_brand-fawna","7":"product_cat-alimento-gato","8":"product_cat-fawna","9":"product_tag-alimento-gato","10":"product_tag-fawna","12":"first","13":"instock","14":"taxable","15":"shipping-taxable","16":"purchasable","17":"product-type-simple"},"jetpack_sharing_enabled":true,"_links":{"self":[{"href":"https:\/\/familyzoo.cl\/index.php\/wp-json\/wp\/v2\/product\/1745","targetHints":{"allow":["GET"]}}],"collection":[{"href":"https:\/\/familyzoo.cl\/index.php\/wp-json\/wp\/v2\/product"}],"about":[{"href":"https:\/\/familyzoo.cl\/index.php\/wp-json\/wp\/v2\/types\/product"}],"wp:featuredmedia":[{"embeddable":true,"href":"https:\/\/familyzoo.cl\/index.php\/wp-json\/wp\/v2\/media\/1746"}],"wp:attachment":[{"href":"https:\/\/familyzoo.cl\/index.php\/wp-json\/wp\/v2\/media?parent=1745"}],"wp:term":[{"taxonomy":"product_brand","embeddable":true,"href":"https:\/\/familyzoo.cl\/index.php\/wp-json\/wp\/v2\/product_brand?post=1745"},{"taxonomy":"product_cat","embeddable":true,"href":"https:\/\/familyzoo.cl\/index.php\/wp-json\/wp\/v2\/product_cat?post=1745"},{"taxonomy":"product_tag","embeddable":true,"href":"https:\/\/familyzoo.cl\/index.php\/wp-json\/wp\/v2\/product_tag?post=1745"}],"curies":[{"name":"wp","href":"https:\/\/api.w.org\/{rel}","templated":true}]}}