{"id":951,"date":"2025-10-19T03:05:55","date_gmt":"2025-10-19T03:05:55","guid":{"rendered":"https:\/\/familyzoo.cl\/?post_type=product&#038;p=951"},"modified":"2025-10-28T21:56:34","modified_gmt":"2025-10-29T00:56:34","slug":"premium-perro-adulto-raza-pequena","status":"publish","type":"product","link":"https:\/\/familyzoo.cl\/index.php\/producto\/premium-perro-adulto-raza-pequena\/","title":{"rendered":"PREMIUM PERRO ADULTO RAZA PEQUE\u00d1A"},"content":{"rendered":"<p>Los perros de talla peque\u00f1a tienen mayores requerimientos nutricionales y energ\u00e9ticos debido a su metabolismo.<br \/>\nPremium Perro Adulto Raza Peque\u00f1a\u00a0brinda todos los nutrientes necesarios para un correcto mantenimiento.<br \/>\nAdem\u00e1s, aporta ingredientes que colaboran con la salud bucal del canino de talla peque\u00f1a.<\/p>\n<p>Premium perro adulto razas peque\u00f1as\u00a0proporciona:<\/p>\n<p>Reducido volumen y olor de heces.<\/p>\n<p>Huesos y M\u00fasculos Fuertes.<\/p>\n<p>\u00d3ptimo equilibrio de la flora intestinal.<\/p>\n<p>Control de sarro.<\/p>\n","protected":false},"excerpt":{"rendered":"<p><strong>Alimento Premium raza peque\u00f1a 7.5kg<\/strong><\/p>\n","protected":false},"featured_media":289,"template":"","meta":[],"product_brand":[32],"product_cat":[31],"product_tag":[24,33,28],"class_list":{"0":"post-951","1":"product","2":"type-product","3":"status-publish","4":"has-post-thumbnail","6":"product_brand-premium","7":"product_cat-premium","8":"product_tag-alimento-perro","9":"product_tag-premium","10":"product_tag-raza-pequena","12":"first","13":"instock","14":"taxable","15":"shipping-taxable","16":"purchasable","17":"product-type-simple"},"jetpack_sharing_enabled":true,"_links":{"self":[{"href":"https:\/\/familyzoo.cl\/index.php\/wp-json\/wp\/v2\/product\/951","targetHints":{"allow":["GET"]}}],"collection":[{"href":"https:\/\/familyzoo.cl\/index.php\/wp-json\/wp\/v2\/product"}],"about":[{"href":"https:\/\/familyzoo.cl\/index.php\/wp-json\/wp\/v2\/types\/product"}],"wp:featuredmedia":[{"embeddable":true,"href":"https:\/\/familyzoo.cl\/index.php\/wp-json\/wp\/v2\/media\/289"}],"wp:attachment":[{"href":"https:\/\/familyzoo.cl\/index.php\/wp-json\/wp\/v2\/media?parent=951"}],"wp:term":[{"taxonomy":"product_brand","embeddable":true,"href":"https:\/\/familyzoo.cl\/index.php\/wp-json\/wp\/v2\/product_brand?post=951"},{"taxonomy":"product_cat","embeddable":true,"href":"https:\/\/familyzoo.cl\/index.php\/wp-json\/wp\/v2\/product_cat?post=951"},{"taxonomy":"product_tag","embeddable":true,"href":"https:\/\/familyzoo.cl\/index.php\/wp-json\/wp\/v2\/product_tag?post=951"}],"curies":[{"name":"wp","href":"https:\/\/api.w.org\/{rel}","templated":true}]}}