{"id":952,"date":"2025-10-19T03:11:42","date_gmt":"2025-10-19T03:11:42","guid":{"rendered":"https:\/\/familyzoo.cl\/?post_type=product&#038;p=952"},"modified":"2025-10-28T21:56:23","modified_gmt":"2025-10-29T00:56:23","slug":"hop-perro-cachorro-raza-pequena","status":"publish","type":"product","link":"https:\/\/familyzoo.cl\/index.php\/producto\/hop-perro-cachorro-raza-pequena\/","title":{"rendered":"HOP PERRO CACHORRO RAZA PEQUE\u00d1A"},"content":{"rendered":"<p>Los cachorros de razas peque\u00f1as se caracterizan por ser m\u00e1s activos y juguetones y tienen requerimientos especiales durante la fase de crecimiento, fundamentales para el correcto desarrollo de su cuerpo.<\/p>\n<p>HOP! Perros Cachorros Razas Peque\u00f1as\u00a0fue pensado para satisfacer las demandas del r\u00e1pido metabolismo de tu cachorro e incluye estos beneficios que \u00e9l necesita para crecer sano:<\/p>\n<p>Croqueta a medida.<\/p>\n<p>Inteligencia activa.<\/p>\n<p>Indoor harmony.<\/p>\n","protected":false},"excerpt":{"rendered":"<p><strong>Alimento Hop cachorro raza peque\u00f1a 3kg<\/strong><\/p>\n","protected":false},"featured_media":300,"template":"","meta":[],"product_brand":[36],"product_cat":[21,35],"product_tag":[24,37,38],"class_list":{"0":"post-952","1":"product","2":"type-product","3":"status-publish","4":"has-post-thumbnail","6":"product_brand-hop","7":"product_cat-alimento-perro","8":"product_cat-hop","9":"product_tag-alimento-perro","10":"product_tag-cachorro-raza-pequena","11":"product_tag-hop","13":"first","14":"instock","15":"taxable","16":"shipping-taxable","17":"purchasable","18":"product-type-simple"},"jetpack_sharing_enabled":true,"_links":{"self":[{"href":"https:\/\/familyzoo.cl\/index.php\/wp-json\/wp\/v2\/product\/952","targetHints":{"allow":["GET"]}}],"collection":[{"href":"https:\/\/familyzoo.cl\/index.php\/wp-json\/wp\/v2\/product"}],"about":[{"href":"https:\/\/familyzoo.cl\/index.php\/wp-json\/wp\/v2\/types\/product"}],"wp:featuredmedia":[{"embeddable":true,"href":"https:\/\/familyzoo.cl\/index.php\/wp-json\/wp\/v2\/media\/300"}],"wp:attachment":[{"href":"https:\/\/familyzoo.cl\/index.php\/wp-json\/wp\/v2\/media?parent=952"}],"wp:term":[{"taxonomy":"product_brand","embeddable":true,"href":"https:\/\/familyzoo.cl\/index.php\/wp-json\/wp\/v2\/product_brand?post=952"},{"taxonomy":"product_cat","embeddable":true,"href":"https:\/\/familyzoo.cl\/index.php\/wp-json\/wp\/v2\/product_cat?post=952"},{"taxonomy":"product_tag","embeddable":true,"href":"https:\/\/familyzoo.cl\/index.php\/wp-json\/wp\/v2\/product_tag?post=952"}],"curies":[{"name":"wp","href":"https:\/\/api.w.org\/{rel}","templated":true}]}}