{"id":958,"date":"2025-10-19T03:28:14","date_gmt":"2025-10-19T03:28:14","guid":{"rendered":"https:\/\/familyzoo.cl\/?post_type=product&#038;p=958"},"modified":"2026-03-10T12:20:19","modified_gmt":"2026-03-10T15:20:19","slug":"amity-adulto-salmon","status":"publish","type":"product","link":"https:\/\/familyzoo.cl\/index.php\/producto\/amity-adulto-salmon\/","title":{"rendered":"AMITY ADULTO SALMON"},"content":{"rendered":"<p>Composici\u00f3n<br \/>\nCarne y pescado deshidratados 38% (salm\u00f3n 14 %), arroz 27 % (arroz integral 15 %), guisantes 12 %, grasa de ave 12 %, harina de algarroba 2 %, pulpa de remolacha 2 %, prote\u00edna animal hidrolizada, vitaminas y minerales, levadura y extracto de levadura \u2013 Saccharomyces cerevisiae (fuente de mananooligosac\u00e1ridos \u2013 MOS y \u03b2 \u2013 glucanos), aceite de salm\u00f3n (fuente de \u00e1cidos grasos Omega-3), fibra diet\u00e9tica insoluble de guisante, inulina (fibra soluble de achicoria, fuente fosfooligosac\u00e1ridos \u2013 FOS), salvia hisp\u00e1nica (fuente de \u00e1cidos grasos omega-3 y fibra diet\u00e9tica), algas (Ascophyllum nodosum), hidrolizado de crust\u00e1ceos (fuente de glucosamina), hidrolizado de cart\u00edlago (fuente de condroitina), aceites esenciales (or\u00e9gano, canela, clavo, tomillo, romero, hierbabuena, t\u00e9 verde), yucca.<\/p>\n","protected":false},"excerpt":{"rendered":"<p><strong>Alimento Amity adulto salm\u00f3n\u00a0<\/strong><\/p>\n","protected":false},"featured_media":785,"template":"","meta":[],"product_brand":[23],"product_cat":[21,22],"product_tag":[24,34],"class_list":{"0":"post-958","1":"product","2":"type-product","3":"status-publish","4":"has-post-thumbnail","6":"product_brand-amity","7":"product_cat-alimento-perro","8":"product_cat-amity","9":"product_tag-alimento-perro","10":"product_tag-perro-adulto","12":"first","13":"instock","14":"taxable","15":"shipping-taxable","16":"purchasable","17":"product-type-variable"},"jetpack_sharing_enabled":true,"_links":{"self":[{"href":"https:\/\/familyzoo.cl\/index.php\/wp-json\/wp\/v2\/product\/958","targetHints":{"allow":["GET"]}}],"collection":[{"href":"https:\/\/familyzoo.cl\/index.php\/wp-json\/wp\/v2\/product"}],"about":[{"href":"https:\/\/familyzoo.cl\/index.php\/wp-json\/wp\/v2\/types\/product"}],"wp:featuredmedia":[{"embeddable":true,"href":"https:\/\/familyzoo.cl\/index.php\/wp-json\/wp\/v2\/media\/785"}],"wp:attachment":[{"href":"https:\/\/familyzoo.cl\/index.php\/wp-json\/wp\/v2\/media?parent=958"}],"wp:term":[{"taxonomy":"product_brand","embeddable":true,"href":"https:\/\/familyzoo.cl\/index.php\/wp-json\/wp\/v2\/product_brand?post=958"},{"taxonomy":"product_cat","embeddable":true,"href":"https:\/\/familyzoo.cl\/index.php\/wp-json\/wp\/v2\/product_cat?post=958"},{"taxonomy":"product_tag","embeddable":true,"href":"https:\/\/familyzoo.cl\/index.php\/wp-json\/wp\/v2\/product_tag?post=958"}],"curies":[{"name":"wp","href":"https:\/\/api.w.org\/{rel}","templated":true}]}}