{"id":959,"date":"2025-10-19T03:31:11","date_gmt":"2025-10-19T03:31:11","guid":{"rendered":"https:\/\/familyzoo.cl\/?post_type=product&#038;p=959"},"modified":"2026-04-20T13:28:43","modified_gmt":"2026-04-20T17:28:43","slug":"amity-puppy-chicken","status":"publish","type":"product","link":"https:\/\/familyzoo.cl\/index.php\/producto\/amity-puppy-chicken\/","title":{"rendered":"AMITY PUPPY CHICKEN"},"content":{"rendered":"<p>Composici\u00f3n<br \/>\nCarne deshidratada 39 % (pollo 14 %), arroz 24 % (arroz integral 14 %), grasa de ave 13 %, guisantes 10 %, harina de algarroba 2 %, prote\u00edna animal hidrolizada, pulpa de remolacha, vitaminas y minerales, levadura y extracto de levadura \u2013 saccharomyces cerevisiae (fuente de mananooligosac\u00e1ridos \u2013 MOS y \u03b2 \u2013 glucanos), aceite de salm\u00f3n (fuente de \u00e1cidos grasos omega-3), inulina (fibra soluble de achicoria, fuente fosfooligosac\u00e1ridos \u2013 FOS), salvia hisp\u00e1nica (fuente de \u00e1cidos grasos omega-3 y fibra diet\u00e9tica), algas (Ascophyllum nodosum), fibra diet\u00e9tica insoluble de guisante, fibra diet\u00e9tica soluble extra\u00edda de Plantago ovata, hidrolizado de crust\u00e1ceos (fuente de glucosamina), hidrolizado de cart\u00edlago (fuente de condroitina), aceites esenciales (or\u00e9gano, canela, clavo, tomillo, romero, hierbabuena, t\u00e9 verde) y yucca.<\/p>\n","protected":false},"excerpt":{"rendered":"<p><strong>Alimento Amity cachorro chicken 4kg<\/strong><\/p>\n","protected":false},"featured_media":787,"template":"","meta":[],"product_brand":[23],"product_cat":[21,22],"product_tag":[24,25,41],"class_list":{"0":"post-959","1":"product","2":"type-product","3":"status-publish","4":"has-post-thumbnail","6":"product_brand-amity","7":"product_cat-alimento-perro","8":"product_cat-amity","9":"product_tag-alimento-perro","10":"product_tag-amity","11":"product_tag-perro-cachorro","13":"first","14":"outofstock","15":"taxable","16":"shipping-taxable","17":"purchasable","18":"product-type-simple"},"jetpack_sharing_enabled":true,"_links":{"self":[{"href":"https:\/\/familyzoo.cl\/index.php\/wp-json\/wp\/v2\/product\/959","targetHints":{"allow":["GET"]}}],"collection":[{"href":"https:\/\/familyzoo.cl\/index.php\/wp-json\/wp\/v2\/product"}],"about":[{"href":"https:\/\/familyzoo.cl\/index.php\/wp-json\/wp\/v2\/types\/product"}],"wp:featuredmedia":[{"embeddable":true,"href":"https:\/\/familyzoo.cl\/index.php\/wp-json\/wp\/v2\/media\/787"}],"wp:attachment":[{"href":"https:\/\/familyzoo.cl\/index.php\/wp-json\/wp\/v2\/media?parent=959"}],"wp:term":[{"taxonomy":"product_brand","embeddable":true,"href":"https:\/\/familyzoo.cl\/index.php\/wp-json\/wp\/v2\/product_brand?post=959"},{"taxonomy":"product_cat","embeddable":true,"href":"https:\/\/familyzoo.cl\/index.php\/wp-json\/wp\/v2\/product_cat?post=959"},{"taxonomy":"product_tag","embeddable":true,"href":"https:\/\/familyzoo.cl\/index.php\/wp-json\/wp\/v2\/product_tag?post=959"}],"curies":[{"name":"wp","href":"https:\/\/api.w.org\/{rel}","templated":true}]}}