{"id":960,"date":"2025-10-19T03:37:08","date_gmt":"2025-10-19T03:37:08","guid":{"rendered":"https:\/\/familyzoo.cl\/?post_type=product&#038;p=960"},"modified":"2026-03-10T12:07:51","modified_gmt":"2026-03-10T15:07:51","slug":"balanced-natural-recipe-cordero","status":"publish","type":"product","link":"https:\/\/familyzoo.cl\/index.php\/producto\/balanced-natural-recipe-cordero\/","title":{"rendered":"BALANCED NATURAL RECIPE CORDERO"},"content":{"rendered":"<p>BALANCED NATURAL RECIPE CORDERO.\u00a0Receta monoprote\u00edca a base de cordero que contribuye a reducir las reacciones al\u00e9rgicas.<br \/>\nEl plus de Omega3 ayuda a mejorar la condici\u00f3n de la piel y los signos digestivos de la intolerancia alimentaria.<\/p>\n<p>HEALTHY JOINTS:\u00a0Con glucosamina y metilsulfonilmetano, que ayudan a proteger el sistema osteoarticular del perro adulto, ya que colaboran con la regeneraci\u00f3n y protecci\u00f3n del cart\u00edlago articular.<\/p>\n<p>SKIN CARE:\u00a0Balance Omega 3 y 6, \u00e1cidos grasos esenciales fundamentales para el mantenimiento de una piel sana, humectada y un pelaje brillante.<\/p>\n<p>ORAL CARE:\u00a0Con el agregado de hexametafosfato para ayudar a prevenir el desarrollo de sarro dental.<\/p>\n<p>DIGESTIVE PROTECT:\u00a0Los prebi\u00f3ticos favorecen el desarrollo de bacterias ben\u00e9ficas del intestino, lo que contribuye a mejorar la absorci\u00f3n intestinal, lograr un proceso digestivo \u00f3ptimo y aumentar las defensas naturales.<\/p>\n","protected":false},"excerpt":{"rendered":"<p><strong>Alimento Balanced <em>Natural Recipe<\/em> cordero 3kg<\/strong><\/p>\n","protected":false},"featured_media":961,"template":"","meta":[],"product_brand":[46],"product_cat":[21,43],"product_tag":[24,47,34],"class_list":{"0":"post-960","1":"product","2":"type-product","3":"status-publish","4":"has-post-thumbnail","6":"product_brand-balanced-n-r","7":"product_cat-alimento-perro","8":"product_cat-balanced-n-r","9":"product_tag-alimento-perro","10":"product_tag-balanced","11":"product_tag-perro-adulto","13":"first","14":"outofstock","15":"taxable","16":"shipping-taxable","17":"purchasable","18":"product-type-simple"},"jetpack_sharing_enabled":true,"_links":{"self":[{"href":"https:\/\/familyzoo.cl\/index.php\/wp-json\/wp\/v2\/product\/960","targetHints":{"allow":["GET"]}}],"collection":[{"href":"https:\/\/familyzoo.cl\/index.php\/wp-json\/wp\/v2\/product"}],"about":[{"href":"https:\/\/familyzoo.cl\/index.php\/wp-json\/wp\/v2\/types\/product"}],"wp:featuredmedia":[{"embeddable":true,"href":"https:\/\/familyzoo.cl\/index.php\/wp-json\/wp\/v2\/media\/961"}],"wp:attachment":[{"href":"https:\/\/familyzoo.cl\/index.php\/wp-json\/wp\/v2\/media?parent=960"}],"wp:term":[{"taxonomy":"product_brand","embeddable":true,"href":"https:\/\/familyzoo.cl\/index.php\/wp-json\/wp\/v2\/product_brand?post=960"},{"taxonomy":"product_cat","embeddable":true,"href":"https:\/\/familyzoo.cl\/index.php\/wp-json\/wp\/v2\/product_cat?post=960"},{"taxonomy":"product_tag","embeddable":true,"href":"https:\/\/familyzoo.cl\/index.php\/wp-json\/wp\/v2\/product_tag?post=960"}],"curies":[{"name":"wp","href":"https:\/\/api.w.org\/{rel}","templated":true}]}}