{"id":962,"date":"2025-10-19T03:40:58","date_gmt":"2025-10-19T03:40:58","guid":{"rendered":"https:\/\/familyzoo.cl\/?post_type=product&#038;p=962"},"modified":"2026-04-20T13:28:33","modified_gmt":"2026-04-20T17:28:33","slug":"royal-canin-adulto-medium","status":"publish","type":"product","link":"https:\/\/familyzoo.cl\/index.php\/producto\/royal-canin-adulto-medium\/","title":{"rendered":"ROYAL CANIN ADULTO MEDIUM"},"content":{"rendered":"<p>Perro Mediano Adulto de ROYAL CANIN\u00ae es una f\u00f3rmula nutricionalmente completa y equilibrada especialmente dise\u00f1ada para satisfacer las necesidades particulares de su perro mediano y apoyarlo durante su edad adulta. Esta dieta es para perros medianos que pesen entre 11 y 25 kg y tengan m\u00e1s de 12 meses. Los perros de tama\u00f1o mediano dependen del ejercicio constante para un desarrollo muscular adecuado. Esta f\u00f3rmula est\u00e1 dise\u00f1ada para ayudar a mantener la masa muscular con su contenido de prote\u00edna especializado de alta calidad. Sus estilos de vida en\u00e9rgicos exponen a los perros de tama\u00f1o mediano a elementos ambientales que pueden debilitar su sistema inmunol\u00f3gico. Esta croqueta contiene prebi\u00f3ticos y una mezcla de vitaminas, incluidas las vitaminas C y E, para ayudar a reforzar sus defensas naturales. Los perros adultos de tama\u00f1o mediano necesitan nutrientes espec\u00edficos para ayudar a mantener su salud general. Esta croqueta, que incluye una mezcla equilibrada de nutrientes altamente digeribles, ayuda a favorecer la m\u00e1xima absorci\u00f3n, ayudando a su perro a mantenerse sano y lleno de vida.<\/p>\n","protected":false},"excerpt":{"rendered":"<p><strong>Alimento Royal Canin adulto medium 2.5kg<\/strong><\/p>\n","protected":false},"featured_media":808,"template":"","meta":[],"product_brand":[49],"product_cat":[48],"product_tag":[24,30,50],"class_list":{"0":"post-962","1":"product","2":"type-product","3":"status-publish","4":"has-post-thumbnail","6":"product_brand-royal-canin","7":"product_cat-royal-canin","8":"product_tag-alimento-perro","9":"product_tag-raza-media","10":"product_tag-royal-canin","12":"first","13":"instock","14":"taxable","15":"shipping-taxable","16":"purchasable","17":"product-type-simple"},"jetpack_sharing_enabled":true,"_links":{"self":[{"href":"https:\/\/familyzoo.cl\/index.php\/wp-json\/wp\/v2\/product\/962","targetHints":{"allow":["GET"]}}],"collection":[{"href":"https:\/\/familyzoo.cl\/index.php\/wp-json\/wp\/v2\/product"}],"about":[{"href":"https:\/\/familyzoo.cl\/index.php\/wp-json\/wp\/v2\/types\/product"}],"wp:featuredmedia":[{"embeddable":true,"href":"https:\/\/familyzoo.cl\/index.php\/wp-json\/wp\/v2\/media\/808"}],"wp:attachment":[{"href":"https:\/\/familyzoo.cl\/index.php\/wp-json\/wp\/v2\/media?parent=962"}],"wp:term":[{"taxonomy":"product_brand","embeddable":true,"href":"https:\/\/familyzoo.cl\/index.php\/wp-json\/wp\/v2\/product_brand?post=962"},{"taxonomy":"product_cat","embeddable":true,"href":"https:\/\/familyzoo.cl\/index.php\/wp-json\/wp\/v2\/product_cat?post=962"},{"taxonomy":"product_tag","embeddable":true,"href":"https:\/\/familyzoo.cl\/index.php\/wp-json\/wp\/v2\/product_tag?post=962"}],"curies":[{"name":"wp","href":"https:\/\/api.w.org\/{rel}","templated":true}]}}