{"id":963,"date":"2025-10-19T03:43:54","date_gmt":"2025-10-19T03:43:54","guid":{"rendered":"https:\/\/familyzoo.cl\/?post_type=product&#038;p=963"},"modified":"2026-04-20T13:28:27","modified_gmt":"2026-04-20T17:28:27","slug":"royal-canin-mini-adulto","status":"publish","type":"product","link":"https:\/\/familyzoo.cl\/index.php\/producto\/royal-canin-mini-adulto\/","title":{"rendered":"ROYAL CANIN MINI ADULTO"},"content":{"rendered":"<p>Energ\u00eda adaptada<\/p>\n<p>Ayuda a mantener el peso ideal en los perros de razas peque\u00f1as gracias a una f\u00f3rmula que satisface sus elevadas necesidades energ\u00e9ticas y contiene L-carnitina para promover el metabolismo de las grasas.<\/p>\n<p>Satisface el apetito caprichoso de los perros de razas peque\u00f1as gracias a una f\u00f3rmula especial y sabores exclusivos.<\/p>\n<p>Contiene niveles precisos de EPA y DHA para ayudar a mantener la salud de la piel y la belleza del pelaje.<\/p>\n<p>Alimento para perros adultos de talla peque\u00f1a de los 10 meses a los 8 a\u00f1os de edad.<\/p>\n","protected":false},"excerpt":{"rendered":"<p><strong>Alimento Royal Canin mini adulto 2.5kg<\/strong><\/p>\n","protected":false},"featured_media":810,"template":"","meta":[],"product_brand":[49],"product_cat":[21,48],"product_tag":[24,28,50],"class_list":{"0":"post-963","1":"product","2":"type-product","3":"status-publish","4":"has-post-thumbnail","6":"product_brand-royal-canin","7":"product_cat-alimento-perro","8":"product_cat-royal-canin","9":"product_tag-alimento-perro","10":"product_tag-raza-pequena","11":"product_tag-royal-canin","13":"first","14":"instock","15":"taxable","16":"shipping-taxable","17":"purchasable","18":"product-type-simple"},"jetpack_sharing_enabled":true,"_links":{"self":[{"href":"https:\/\/familyzoo.cl\/index.php\/wp-json\/wp\/v2\/product\/963","targetHints":{"allow":["GET"]}}],"collection":[{"href":"https:\/\/familyzoo.cl\/index.php\/wp-json\/wp\/v2\/product"}],"about":[{"href":"https:\/\/familyzoo.cl\/index.php\/wp-json\/wp\/v2\/types\/product"}],"wp:featuredmedia":[{"embeddable":true,"href":"https:\/\/familyzoo.cl\/index.php\/wp-json\/wp\/v2\/media\/810"}],"wp:attachment":[{"href":"https:\/\/familyzoo.cl\/index.php\/wp-json\/wp\/v2\/media?parent=963"}],"wp:term":[{"taxonomy":"product_brand","embeddable":true,"href":"https:\/\/familyzoo.cl\/index.php\/wp-json\/wp\/v2\/product_brand?post=963"},{"taxonomy":"product_cat","embeddable":true,"href":"https:\/\/familyzoo.cl\/index.php\/wp-json\/wp\/v2\/product_cat?post=963"},{"taxonomy":"product_tag","embeddable":true,"href":"https:\/\/familyzoo.cl\/index.php\/wp-json\/wp\/v2\/product_tag?post=963"}],"curies":[{"name":"wp","href":"https:\/\/api.w.org\/{rel}","templated":true}]}}