{"id":964,"date":"2025-10-19T03:47:24","date_gmt":"2025-10-19T03:47:24","guid":{"rendered":"https:\/\/familyzoo.cl\/?post_type=product&#038;p=964"},"modified":"2026-04-20T13:28:21","modified_gmt":"2026-04-20T17:28:21","slug":"royal-canin-medium-puppy","status":"publish","type":"product","link":"https:\/\/familyzoo.cl\/index.php\/producto\/royal-canin-medium-puppy\/","title":{"rendered":"ROYAL CANIN MEDIUM PUPPY"},"content":{"rendered":"<p>Refuerzo del sistema inmune<\/p>\n<p>Mientras crece, su cachorro experimenta grandes cambios y nuevos descubrimientos. Durante este periodo clave, el sistema inmunol\u00f3gico del cachorro sigue desarroll\u00e1ndose. Puppy Medium ayuda a reforzar las defensas naturales de su cachorro gracias a un exclusivo complejo de antioxidantes incluyendo vitamina E.<\/p>\n<h4 class=\"wp-block-heading\">Corto crecimiento \u2013 Alta energ\u00eda<\/h4>\n<p>Ayuda a promover un crecimiento armonioso cubriendo los elevados requerimientos del cachorro gracias un aporte energ\u00e9tico adaptado (EM: 4316 Kcal\/kg) que tiene en cuenta su capacidad digestiva reducida y delicada, sumado al apetito caprichoso que puede presentarse a esta edad, y con un elevado nivel proteico (32%) para favorecer el buen desarrollo de la masa muscular.<\/p>\n<h4 class=\"wp-block-heading\">Balance mineral<\/h4>\n<p>Contribuye al s\u00f3lido desarrollo del esqueleto gracias al aporte equilibrado de calcio y f\u00f3sforo, adaptado al contenido de energ\u00eda para evitar cualquier riesgo de exceso o deficiencia.<\/p>\n","protected":false},"excerpt":{"rendered":"<p><strong>Alimento Royal Canin cachorro medium 2.5kg<\/strong><\/p>\n","protected":false},"featured_media":840,"template":"","meta":[],"product_brand":[49],"product_cat":[21,48],"product_tag":[24,51,50],"class_list":{"0":"post-964","1":"product","2":"type-product","3":"status-publish","4":"has-post-thumbnail","6":"product_brand-royal-canin","7":"product_cat-alimento-perro","8":"product_cat-royal-canin","9":"product_tag-alimento-perro","10":"product_tag-cachorro-raza-media","11":"product_tag-royal-canin","13":"first","14":"outofstock","15":"taxable","16":"shipping-taxable","17":"purchasable","18":"product-type-simple"},"jetpack_sharing_enabled":true,"_links":{"self":[{"href":"https:\/\/familyzoo.cl\/index.php\/wp-json\/wp\/v2\/product\/964","targetHints":{"allow":["GET"]}}],"collection":[{"href":"https:\/\/familyzoo.cl\/index.php\/wp-json\/wp\/v2\/product"}],"about":[{"href":"https:\/\/familyzoo.cl\/index.php\/wp-json\/wp\/v2\/types\/product"}],"wp:featuredmedia":[{"embeddable":true,"href":"https:\/\/familyzoo.cl\/index.php\/wp-json\/wp\/v2\/media\/840"}],"wp:attachment":[{"href":"https:\/\/familyzoo.cl\/index.php\/wp-json\/wp\/v2\/media?parent=964"}],"wp:term":[{"taxonomy":"product_brand","embeddable":true,"href":"https:\/\/familyzoo.cl\/index.php\/wp-json\/wp\/v2\/product_brand?post=964"},{"taxonomy":"product_cat","embeddable":true,"href":"https:\/\/familyzoo.cl\/index.php\/wp-json\/wp\/v2\/product_cat?post=964"},{"taxonomy":"product_tag","embeddable":true,"href":"https:\/\/familyzoo.cl\/index.php\/wp-json\/wp\/v2\/product_tag?post=964"}],"curies":[{"name":"wp","href":"https:\/\/api.w.org\/{rel}","templated":true}]}}