{"id":965,"date":"2025-10-19T03:51:37","date_gmt":"2025-10-19T03:51:37","guid":{"rendered":"https:\/\/familyzoo.cl\/?post_type=product&#038;p=965"},"modified":"2026-04-20T13:28:02","modified_gmt":"2026-04-20T17:28:02","slug":"fit-formula-perro-cachorro","status":"publish","type":"product","link":"https:\/\/familyzoo.cl\/index.php\/producto\/fit-formula-perro-cachorro\/","title":{"rendered":"FIT FORMULA PERRO CACHORRO"},"content":{"rendered":"<p>FIT FORMULA\u00ae\u00a0Cachorro, es un alimento completo y balanceado desarrollado con ingredientes de alta digestibilidad, satisfaciendo todos los requerimientos nutricionales de su cachorro desde el destete hasta su adultez. Tambi\u00e9n es recomendable para alimentar a hembras pre\u00f1adas y en per\u00edodo de lactancia.<\/p>\n<p>Alto en prote\u00ednas (28%)<\/p>\n<p>Heces firmes y con menos olor<\/p>\n<p>Control sarro<\/p>\n<p>Piel sana y pelaje brillante<\/p>\n","protected":false},"excerpt":{"rendered":"<p><strong>Alimento Fit Formula cachorro\u00a0<\/strong><\/p>\n","protected":false},"featured_media":415,"template":"","meta":[],"product_brand":[53],"product_cat":[21,52],"product_tag":[24,54,41],"class_list":{"0":"post-965","1":"product","2":"type-product","3":"status-publish","4":"has-post-thumbnail","6":"product_brand-fit-formula","7":"product_cat-alimento-perro","8":"product_cat-fit-formula","9":"product_tag-alimento-perro","10":"product_tag-fit-formula","11":"product_tag-perro-cachorro","13":"first","14":"instock","15":"taxable","16":"shipping-taxable","17":"purchasable","18":"product-type-variable"},"jetpack_sharing_enabled":true,"_links":{"self":[{"href":"https:\/\/familyzoo.cl\/index.php\/wp-json\/wp\/v2\/product\/965","targetHints":{"allow":["GET"]}}],"collection":[{"href":"https:\/\/familyzoo.cl\/index.php\/wp-json\/wp\/v2\/product"}],"about":[{"href":"https:\/\/familyzoo.cl\/index.php\/wp-json\/wp\/v2\/types\/product"}],"wp:featuredmedia":[{"embeddable":true,"href":"https:\/\/familyzoo.cl\/index.php\/wp-json\/wp\/v2\/media\/415"}],"wp:attachment":[{"href":"https:\/\/familyzoo.cl\/index.php\/wp-json\/wp\/v2\/media?parent=965"}],"wp:term":[{"taxonomy":"product_brand","embeddable":true,"href":"https:\/\/familyzoo.cl\/index.php\/wp-json\/wp\/v2\/product_brand?post=965"},{"taxonomy":"product_cat","embeddable":true,"href":"https:\/\/familyzoo.cl\/index.php\/wp-json\/wp\/v2\/product_cat?post=965"},{"taxonomy":"product_tag","embeddable":true,"href":"https:\/\/familyzoo.cl\/index.php\/wp-json\/wp\/v2\/product_tag?post=965"}],"curies":[{"name":"wp","href":"https:\/\/api.w.org\/{rel}","templated":true}]}}