{"id":966,"date":"2025-10-19T03:54:19","date_gmt":"2025-10-19T03:54:19","guid":{"rendered":"https:\/\/familyzoo.cl\/?post_type=product&#038;p=966"},"modified":"2026-03-11T00:19:37","modified_gmt":"2026-03-11T03:19:37","slug":"fit-formula-mini-adulto","status":"publish","type":"product","link":"https:\/\/familyzoo.cl\/index.php\/producto\/fit-formula-mini-adulto\/","title":{"rendered":"FIT FORMULA MINI ADULTO"},"content":{"rendered":"<p>Alimento completo y balanceado desarrollado con ingredientes de alta digestibilidad, maximizando la capacidad de su mascota para absorber los nutrientes, satisfaciendo todos los requerimientos nutricionales de los perros adultos en mantenci\u00f3n. Prote\u00ednas de alta calidad, para un mejor desarrollo muscular.<\/p>\n<p>\u00c1cidos grasos esenciales DHA \u2013 Omega 3.<\/p>\n<p>Prebi\u00f3ticos, Manano Oligosac\u00e1ridos (MOS), que mantienen la salud intestinal, reducen la poblaci\u00f3n de bacterias da\u00f1inas y ayudan a fortalecer el sistema inmune.<\/p>\n<p>Extracto de\u00a0<em>Yucca schidigera<\/em>, que mejora la consistencia de las deposiciones, dej\u00e1ndolas m\u00e1s firmes, mejor conformadas y disminuyendo su olor de manera natural.<\/p>\n","protected":false},"excerpt":{"rendered":"<p><strong>Alimento Fit Formula mini adulto 3kg<\/strong><\/p>\n","protected":false},"featured_media":842,"template":"","meta":[],"product_brand":[53],"product_cat":[21,52],"product_tag":[24,54,30],"class_list":{"0":"post-966","1":"product","2":"type-product","3":"status-publish","4":"has-post-thumbnail","6":"product_brand-fit-formula","7":"product_cat-alimento-perro","8":"product_cat-fit-formula","9":"product_tag-alimento-perro","10":"product_tag-fit-formula","11":"product_tag-raza-media","13":"first","14":"outofstock","15":"taxable","16":"shipping-taxable","17":"purchasable","18":"product-type-simple"},"jetpack_sharing_enabled":true,"_links":{"self":[{"href":"https:\/\/familyzoo.cl\/index.php\/wp-json\/wp\/v2\/product\/966","targetHints":{"allow":["GET"]}}],"collection":[{"href":"https:\/\/familyzoo.cl\/index.php\/wp-json\/wp\/v2\/product"}],"about":[{"href":"https:\/\/familyzoo.cl\/index.php\/wp-json\/wp\/v2\/types\/product"}],"wp:featuredmedia":[{"embeddable":true,"href":"https:\/\/familyzoo.cl\/index.php\/wp-json\/wp\/v2\/media\/842"}],"wp:attachment":[{"href":"https:\/\/familyzoo.cl\/index.php\/wp-json\/wp\/v2\/media?parent=966"}],"wp:term":[{"taxonomy":"product_brand","embeddable":true,"href":"https:\/\/familyzoo.cl\/index.php\/wp-json\/wp\/v2\/product_brand?post=966"},{"taxonomy":"product_cat","embeddable":true,"href":"https:\/\/familyzoo.cl\/index.php\/wp-json\/wp\/v2\/product_cat?post=966"},{"taxonomy":"product_tag","embeddable":true,"href":"https:\/\/familyzoo.cl\/index.php\/wp-json\/wp\/v2\/product_tag?post=966"}],"curies":[{"name":"wp","href":"https:\/\/api.w.org\/{rel}","templated":true}]}}