{"id":967,"date":"2025-10-19T03:58:18","date_gmt":"2025-10-19T03:58:18","guid":{"rendered":"https:\/\/familyzoo.cl\/?post_type=product&#038;p=967"},"modified":"2026-03-11T00:19:56","modified_gmt":"2026-03-11T03:19:56","slug":"fi-formula-adulto","status":"publish","type":"product","link":"https:\/\/familyzoo.cl\/index.php\/producto\/fi-formula-adulto\/","title":{"rendered":"FIT FORMULA ADULTO"},"content":{"rendered":"<p>FIT FORMULA\u00ae Adulto, es un alimento completo y balanceado desarrollado con ingredientes de alta digestibilidad, maximizando la capacidad de su mascota para absorber los nutrientes, satisfaciendo todos los requerimientos nutricionales de los perros adultos en mantenci\u00f3n.<\/p>\n<ul>\n<li>Prote\u00ednas de alta calidad, para un mejor desarrollo muscular.<\/li>\n<li>\u00c1cidos grasos esenciales DHA \u2013 Omega 3, para un pelaje sano y brillante.<\/li>\n<li>Prebi\u00f3ticos, Manano Oligosac\u00e1ridos (MOS), que mantienen la salud intestinal, reducen la poblaci\u00f3n de bacterias da\u00f1inas y ayudan a fortalecer el sistema inmune.<\/li>\n<li>Extracto de\u00a0<em>Yucca Schidigera<\/em>, que mejora la consistencia de las deposiciones, dej\u00e1ndolas m\u00e1s firmes, mejor conformadas y disminuyendo su olor de manera natural.<\/li>\n<\/ul>\n","protected":false},"excerpt":{"rendered":"<p><strong>Alimento Fit Formula adulto 20kg<\/strong><\/p>\n","protected":false},"featured_media":879,"template":"","meta":[],"product_brand":[53],"product_cat":[21,52],"product_tag":[24,54,34],"class_list":{"0":"post-967","1":"product","2":"type-product","3":"status-publish","4":"has-post-thumbnail","6":"product_brand-fit-formula","7":"product_cat-alimento-perro","8":"product_cat-fit-formula","9":"product_tag-alimento-perro","10":"product_tag-fit-formula","11":"product_tag-perro-adulto","13":"first","14":"outofstock","15":"taxable","16":"shipping-taxable","17":"purchasable","18":"product-type-simple"},"jetpack_sharing_enabled":true,"_links":{"self":[{"href":"https:\/\/familyzoo.cl\/index.php\/wp-json\/wp\/v2\/product\/967","targetHints":{"allow":["GET"]}}],"collection":[{"href":"https:\/\/familyzoo.cl\/index.php\/wp-json\/wp\/v2\/product"}],"about":[{"href":"https:\/\/familyzoo.cl\/index.php\/wp-json\/wp\/v2\/types\/product"}],"wp:featuredmedia":[{"embeddable":true,"href":"https:\/\/familyzoo.cl\/index.php\/wp-json\/wp\/v2\/media\/879"}],"wp:attachment":[{"href":"https:\/\/familyzoo.cl\/index.php\/wp-json\/wp\/v2\/media?parent=967"}],"wp:term":[{"taxonomy":"product_brand","embeddable":true,"href":"https:\/\/familyzoo.cl\/index.php\/wp-json\/wp\/v2\/product_brand?post=967"},{"taxonomy":"product_cat","embeddable":true,"href":"https:\/\/familyzoo.cl\/index.php\/wp-json\/wp\/v2\/product_cat?post=967"},{"taxonomy":"product_tag","embeddable":true,"href":"https:\/\/familyzoo.cl\/index.php\/wp-json\/wp\/v2\/product_tag?post=967"}],"curies":[{"name":"wp","href":"https:\/\/api.w.org\/{rel}","templated":true}]}}