{"id":986,"date":"2025-10-20T15:20:19","date_gmt":"2025-10-20T15:20:19","guid":{"rendered":"https:\/\/familyzoo.cl\/?post_type=product&#038;p=986"},"modified":"2026-04-03T23:28:59","modified_gmt":"2026-04-04T02:28:59","slug":"bravery-adulto-herring","status":"publish","type":"product","link":"https:\/\/familyzoo.cl\/index.php\/producto\/bravery-adulto-herring\/","title":{"rendered":"BRAVERY ADULTO HERRING"},"content":{"rendered":"<p>\u2022 Elaborado con 100% carne de arenque deshidratado<br \/>\n\u2022 Hipoalerg\u00e9nico y monoproteico<br \/>\n\u2022 Libre de granos y gluten<br \/>\n\u2022 Los ingredientes altamente digeribles permiten una absorci\u00f3n \u00f3ptima de los nutrientes que son esenciales para su vitalidad y salud.<br \/>\n\u2022 Sin colorantes, saborizantes ni conservantes artificiales a\u00f1adidos<br \/>\n\u2022 Ideal para perros adultos de tama\u00f1o peque\u00f1o a partir del a\u00f1o con un peso como m\u00e1ximo de 10 kilos<\/p>\n<p>Composici\u00f3n<br \/>\nArenque deshidratado, tapioca, grasa de ave, guisantes, levadura y extracto de levadura \u2013 Saccharomyces cerevisiae, boniato, vaina de algarroba, pulpa de remolacha, aceite de pescado, prote\u00edna de patata, Inulina, celulosa natural, minerales, fibra diet\u00e9tica soluble extra\u00edda de Plantago ovata, aceites esenciales, hidrolizado de crust\u00e1ceos, hidrolizado de cart\u00edlago, yucca, concentrado de zumo de mel\u00f3n liofilizado.<\/p>\n","protected":false},"excerpt":{"rendered":"<p><strong>Alimento Bravery adulto arenque 4kg<\/strong><\/p>\n","protected":false},"featured_media":987,"template":"","meta":[],"product_brand":[58],"product_cat":[21,57],"product_tag":[24,59,34],"class_list":{"0":"post-986","1":"product","2":"type-product","3":"status-publish","4":"has-post-thumbnail","6":"product_brand-bravery","7":"product_cat-alimento-perro","8":"product_cat-bravery","9":"product_tag-alimento-perro","10":"product_tag-bravery","11":"product_tag-perro-adulto","13":"first","14":"outofstock","15":"taxable","16":"shipping-taxable","17":"purchasable","18":"product-type-simple"},"jetpack_sharing_enabled":true,"_links":{"self":[{"href":"https:\/\/familyzoo.cl\/index.php\/wp-json\/wp\/v2\/product\/986","targetHints":{"allow":["GET"]}}],"collection":[{"href":"https:\/\/familyzoo.cl\/index.php\/wp-json\/wp\/v2\/product"}],"about":[{"href":"https:\/\/familyzoo.cl\/index.php\/wp-json\/wp\/v2\/types\/product"}],"wp:featuredmedia":[{"embeddable":true,"href":"https:\/\/familyzoo.cl\/index.php\/wp-json\/wp\/v2\/media\/987"}],"wp:attachment":[{"href":"https:\/\/familyzoo.cl\/index.php\/wp-json\/wp\/v2\/media?parent=986"}],"wp:term":[{"taxonomy":"product_brand","embeddable":true,"href":"https:\/\/familyzoo.cl\/index.php\/wp-json\/wp\/v2\/product_brand?post=986"},{"taxonomy":"product_cat","embeddable":true,"href":"https:\/\/familyzoo.cl\/index.php\/wp-json\/wp\/v2\/product_cat?post=986"},{"taxonomy":"product_tag","embeddable":true,"href":"https:\/\/familyzoo.cl\/index.php\/wp-json\/wp\/v2\/product_tag?post=986"}],"curies":[{"name":"wp","href":"https:\/\/api.w.org\/{rel}","templated":true}]}}