{"id":996,"date":"2025-10-20T15:44:32","date_gmt":"2025-10-20T15:44:32","guid":{"rendered":"https:\/\/familyzoo.cl\/?post_type=product&#038;p=996"},"modified":"2026-03-27T12:25:55","modified_gmt":"2026-03-27T15:25:55","slug":"bravery-mini-adulto-salmon","status":"publish","type":"product","link":"https:\/\/familyzoo.cl\/index.php\/producto\/bravery-mini-adulto-salmon\/","title":{"rendered":"BRAVERY MINI ADULTO SALM\u00d3N"},"content":{"rendered":"<p>\u2022 Elaborado con 100% carne de salm\u00f3n deshidratada<br \/>\n\u2022 Hipoalerg\u00e9nico y monoproteico<br \/>\n\u2022 Libre de granos y gluten<br \/>\n\u2022 Adecuado para perros sensibles, intolerantes o al\u00e9rgicos<br \/>\n\u2022 Los ingredientes altamente digeribles permiten una absorci\u00f3n \u00f3ptima de los nutrientes que son esenciales para su vitalidad y salud.<br \/>\n\u2022 Sin colorantes, saborizantes ni conservantes artificiales a\u00f1adidos<br \/>\n\u2022 Ideal para perros de tama\u00f1o peque\u00f1o a partir del a\u00f1o con un peso como m\u00e1ximo de 10 kilos<\/p>\n<p>Composici\u00f3n<br \/>\nSalm\u00f3n deshidratado, tapioca, grasa de ave (fuente de \u00e1cidos grasos \u03a9 \u2013 6), guisantes, levadura y extracto de levadura \u2013 Saccharomyces cerevisiae (fuente de mananooligosac\u00e1ridos \u2013 MOS y \u03b2 \u2013 glucanos), prote\u00edna hidrolizada de salm\u00f3n, aceite de salm\u00f3n (fuente de \u00e1cidos grasos \u03a9 \u2013 3 \u2013 EPA y DHA), vaina de algarroba, prote\u00edna de patata, boniato, pulpa de remolacha, Inulina (fibra soluble de achicoria, fuente fosfooligosac\u00e1ridos \u2013 FOS), celulosa natural (fuente de fibra insoluble), minerales, fibra diet\u00e9tica soluble extra\u00edda de Plantago ovata, aceites esenciales (or\u00e9gano, canela, clavo, tomillo, romero, hierbabuena, t\u00e9 verde), hidrolizado de crust\u00e1ceos (fuente de glucosamina), hidrolizado de cart\u00edlago (fuente de condroitina), yuca, concentrado de zumo de mel\u00f3n liofilizado (rico en super\u00f3xido dismutasa \u2013 SOD).<\/p>\n","protected":false},"excerpt":{"rendered":"<p><strong>Alimento Bravery adulto raza peque\u00f1a salm\u00f3n 2kg<\/strong><\/p>\n","protected":false},"featured_media":997,"template":"","meta":[],"product_brand":[58],"product_cat":[21,57],"product_tag":[24,59,34,28],"class_list":{"0":"post-996","1":"product","2":"type-product","3":"status-publish","4":"has-post-thumbnail","6":"product_brand-bravery","7":"product_cat-alimento-perro","8":"product_cat-bravery","9":"product_tag-alimento-perro","10":"product_tag-bravery","11":"product_tag-perro-adulto","12":"product_tag-raza-pequena","14":"first","15":"instock","16":"taxable","17":"shipping-taxable","18":"purchasable","19":"product-type-simple"},"jetpack_sharing_enabled":true,"_links":{"self":[{"href":"https:\/\/familyzoo.cl\/index.php\/wp-json\/wp\/v2\/product\/996","targetHints":{"allow":["GET"]}}],"collection":[{"href":"https:\/\/familyzoo.cl\/index.php\/wp-json\/wp\/v2\/product"}],"about":[{"href":"https:\/\/familyzoo.cl\/index.php\/wp-json\/wp\/v2\/types\/product"}],"wp:featuredmedia":[{"embeddable":true,"href":"https:\/\/familyzoo.cl\/index.php\/wp-json\/wp\/v2\/media\/997"}],"wp:attachment":[{"href":"https:\/\/familyzoo.cl\/index.php\/wp-json\/wp\/v2\/media?parent=996"}],"wp:term":[{"taxonomy":"product_brand","embeddable":true,"href":"https:\/\/familyzoo.cl\/index.php\/wp-json\/wp\/v2\/product_brand?post=996"},{"taxonomy":"product_cat","embeddable":true,"href":"https:\/\/familyzoo.cl\/index.php\/wp-json\/wp\/v2\/product_cat?post=996"},{"taxonomy":"product_tag","embeddable":true,"href":"https:\/\/familyzoo.cl\/index.php\/wp-json\/wp\/v2\/product_tag?post=996"}],"curies":[{"name":"wp","href":"https:\/\/api.w.org\/{rel}","templated":true}]}}